{"id":356,"date":"2022-05-23T15:57:15","date_gmt":"2022-05-23T13:57:15","guid":{"rendered":"https:\/\/golive.ducasse-chateauversailles.com\/le-restaurant\/"},"modified":"2025-05-05T17:34:39","modified_gmt":"2025-05-05T15:34:39","slug":"the-restaurant-ore","status":"publish","type":"page","link":"https:\/\/www.ducasse-chateauversailles.com\/en\/the-restaurant-ore\/","title":{"rendered":"ore, by day"},"content":{"rendered":"","protected":false},"excerpt":{"rendered":"","protected":false},"author":1,"featured_media":0,"parent":0,"menu_order":0,"comment_status":"closed","ping_status":"closed","template":"page-templates\/restaurant.php","meta":{"_acf_changed":false,"footnotes":""},"class_list":["post-356","page","type-page","status-publish","hentry"],"acf":[],"yoast_head":"<!-- This site is optimized with the Yoast SEO plugin v27.4 - https:\/\/yoast.com\/product\/yoast-seo-wordpress\/ -->\n<title>Restaurant &amp; caf\u00e9 | By day, ore, an elegant contemporary caf\u00e9<\/title>\n<meta name=\"description\" content=\"Discover Caf\u00e9 ore, an elegant contemporary caf\u00e9 during the day\" \/>\n<meta name=\"robots\" content=\"index, follow, max-snippet:-1, max-image-preview:large, max-video-preview:-1\" \/>\n<link rel=\"canonical\" href=\"https:\/\/www.ducasse-chateauversailles.com\/en\/the-restaurant-ore\/\" \/>\n<meta property=\"og:locale\" content=\"en_US\" \/>\n<meta property=\"og:type\" content=\"article\" \/>\n<meta property=\"og:title\" content=\"Restaurant &amp; caf\u00e9 | By day, ore, an elegant contemporary caf\u00e9\" \/>\n<meta property=\"og:description\" content=\"Discover Caf\u00e9 ore, an elegant contemporary caf\u00e9 during the day\" \/>\n<meta property=\"og:url\" content=\"https:\/\/www.ducasse-chateauversailles.com\/en\/the-restaurant-ore\/\" \/>\n<meta property=\"og:site_name\" content=\"Caf\u00e9 &amp; restaurant Ore Ducasse au Ch\u00e2teau de Versailles\" \/>\n<meta property=\"article:modified_time\" content=\"2025-05-05T15:34:39+00:00\" \/>\n<meta name=\"twitter:card\" content=\"summary_large_image\" \/>\n<meta name=\"twitter:label1\" content=\"Est. reading time\" \/>\n\t<meta name=\"twitter:data1\" content=\"4 minutes\" \/>\n<script type=\"application\/ld+json\" class=\"yoast-schema-graph\">{\"@context\":\"https:\\\/\\\/schema.org\",\"@graph\":[{\"@type\":\"WebPage\",\"@id\":\"https:\\\/\\\/www.ducasse-chateauversailles.com\\\/en\\\/the-restaurant-ore\\\/\",\"url\":\"https:\\\/\\\/www.ducasse-chateauversailles.com\\\/en\\\/the-restaurant-ore\\\/\",\"name\":\"Restaurant & caf\u00e9 | By day, ore, an elegant contemporary caf\u00e9\",\"isPartOf\":{\"@id\":\"https:\\\/\\\/www.ducasse-chateauversailles.com\\\/en\\\/#website\"},\"datePublished\":\"2022-05-23T13:57:15+00:00\",\"dateModified\":\"2025-05-05T15:34:39+00:00\",\"description\":\"Discover Caf\u00e9 ore, an elegant contemporary caf\u00e9 during the day\",\"inLanguage\":\"en-US\",\"potentialAction\":[{\"@type\":\"ReadAction\",\"target\":[\"https:\\\/\\\/www.ducasse-chateauversailles.com\\\/en\\\/the-restaurant-ore\\\/\"]}]},{\"@type\":\"WebSite\",\"@id\":\"https:\\\/\\\/www.ducasse-chateauversailles.com\\\/en\\\/#website\",\"url\":\"https:\\\/\\\/www.ducasse-chateauversailles.com\\\/en\\\/\",\"name\":\"Caf\u00e9 &amp; restaurant Ore Ducasse au Ch\u00e2teau de Versailles\",\"description\":\"\",\"potentialAction\":[{\"@type\":\"SearchAction\",\"target\":{\"@type\":\"EntryPoint\",\"urlTemplate\":\"https:\\\/\\\/www.ducasse-chateauversailles.com\\\/en\\\/?s={search_term_string}\"},\"query-input\":{\"@type\":\"PropertyValueSpecification\",\"valueRequired\":true,\"valueName\":\"search_term_string\"}}],\"inLanguage\":\"en-US\"}]}<\/script>\n<!-- \/ Yoast SEO plugin. -->","yoast_head_json":{"title":"Restaurant & caf\u00e9 | By day, ore, an elegant contemporary caf\u00e9","description":"Discover Caf\u00e9 ore, an elegant contemporary caf\u00e9 during the day","robots":{"index":"index","follow":"follow","max-snippet":"max-snippet:-1","max-image-preview":"max-image-preview:large","max-video-preview":"max-video-preview:-1"},"canonical":"https:\/\/www.ducasse-chateauversailles.com\/en\/the-restaurant-ore\/","og_locale":"en_US","og_type":"article","og_title":"Restaurant & caf\u00e9 | By day, ore, an elegant contemporary caf\u00e9","og_description":"Discover Caf\u00e9 ore, an elegant contemporary caf\u00e9 during the day","og_url":"https:\/\/www.ducasse-chateauversailles.com\/en\/the-restaurant-ore\/","og_site_name":"Caf\u00e9 &amp; restaurant Ore Ducasse au Ch\u00e2teau de Versailles","article_modified_time":"2025-05-05T15:34:39+00:00","twitter_card":"summary_large_image","twitter_misc":{"Est. reading time":"4 minutes"},"schema":{"@context":"https:\/\/schema.org","@graph":[{"@type":"WebPage","@id":"https:\/\/www.ducasse-chateauversailles.com\/en\/the-restaurant-ore\/","url":"https:\/\/www.ducasse-chateauversailles.com\/en\/the-restaurant-ore\/","name":"Restaurant & caf\u00e9 | By day, ore, an elegant contemporary caf\u00e9","isPartOf":{"@id":"https:\/\/www.ducasse-chateauversailles.com\/en\/#website"},"datePublished":"2022-05-23T13:57:15+00:00","dateModified":"2025-05-05T15:34:39+00:00","description":"Discover Caf\u00e9 ore, an elegant contemporary caf\u00e9 during the day","inLanguage":"en-US","potentialAction":[{"@type":"ReadAction","target":["https:\/\/www.ducasse-chateauversailles.com\/en\/the-restaurant-ore\/"]}]},{"@type":"WebSite","@id":"https:\/\/www.ducasse-chateauversailles.com\/en\/#website","url":"https:\/\/www.ducasse-chateauversailles.com\/en\/","name":"Caf\u00e9 &amp; restaurant Ore Ducasse au Ch\u00e2teau de Versailles","description":"","potentialAction":[{"@type":"SearchAction","target":{"@type":"EntryPoint","urlTemplate":"https:\/\/www.ducasse-chateauversailles.com\/en\/?s={search_term_string}"},"query-input":{"@type":"PropertyValueSpecification","valueRequired":true,"valueName":"search_term_string"}}],"inLanguage":"en-US"}]}},"_links":{"self":[{"href":"https:\/\/www.ducasse-chateauversailles.com\/en\/wp-json\/wp\/v2\/pages\/356","targetHints":{"allow":["GET"]}}],"collection":[{"href":"https:\/\/www.ducasse-chateauversailles.com\/en\/wp-json\/wp\/v2\/pages"}],"about":[{"href":"https:\/\/www.ducasse-chateauversailles.com\/en\/wp-json\/wp\/v2\/types\/page"}],"author":[{"embeddable":true,"href":"https:\/\/www.ducasse-chateauversailles.com\/en\/wp-json\/wp\/v2\/users\/1"}],"replies":[{"embeddable":true,"href":"https:\/\/www.ducasse-chateauversailles.com\/en\/wp-json\/wp\/v2\/comments?post=356"}],"version-history":[{"count":35,"href":"https:\/\/www.ducasse-chateauversailles.com\/en\/wp-json\/wp\/v2\/pages\/356\/revisions"}],"predecessor-version":[{"id":3617,"href":"https:\/\/www.ducasse-chateauversailles.com\/en\/wp-json\/wp\/v2\/pages\/356\/revisions\/3617"}],"wp:attachment":[{"href":"https:\/\/www.ducasse-chateauversailles.com\/en\/wp-json\/wp\/v2\/media?parent=356"}],"curies":[{"name":"wp","href":"https:\/\/api.w.org\/{rel}","templated":true}]}}