{"id":370,"date":"2022-05-23T15:54:30","date_gmt":"2022-05-23T13:54:30","guid":{"rendered":"https:\/\/golive.ducasse-chateauversailles.com\/menu\/"},"modified":"2026-04-10T13:49:55","modified_gmt":"2026-04-10T11:49:55","slug":"menu","status":"publish","type":"page","link":"https:\/\/www.ducasse-chateauversailles.com\/en\/menu\/","title":{"rendered":"Menu &#8211; ore"},"content":{"rendered":"","protected":false},"excerpt":{"rendered":"","protected":false},"author":1,"featured_media":0,"parent":0,"menu_order":0,"comment_status":"closed","ping_status":"closed","template":"page-templates\/menus.php","meta":{"_acf_changed":false,"footnotes":""},"class_list":["post-370","page","type-page","status-publish","hentry"],"acf":[],"yoast_head":"<!-- This site is optimized with the Yoast SEO plugin v27.4 - https:\/\/yoast.com\/product\/yoast-seo-wordpress\/ -->\n<title>Menu | Caf\u00e9 ore - Ducasse au Ch\u00e2teau de Versailles<\/title>\n<meta name=\"description\" content=\"Discover the menu and wine list of Caf\u00e9 ore, elegant and contemporary situated in the Ch\u00e2teau de Versailles\" \/>\n<meta name=\"robots\" content=\"index, follow, max-snippet:-1, max-image-preview:large, max-video-preview:-1\" \/>\n<link rel=\"canonical\" href=\"https:\/\/www.ducasse-chateauversailles.com\/en\/menu\/\" \/>\n<meta property=\"og:locale\" content=\"en_US\" \/>\n<meta property=\"og:type\" content=\"article\" \/>\n<meta property=\"og:title\" content=\"Menu | Caf\u00e9 ore - Ducasse au Ch\u00e2teau de Versailles\" \/>\n<meta property=\"og:description\" content=\"Discover the menu and wine list of Caf\u00e9 ore, elegant and contemporary situated in the Ch\u00e2teau de Versailles\" \/>\n<meta property=\"og:url\" content=\"https:\/\/www.ducasse-chateauversailles.com\/en\/menu\/\" \/>\n<meta property=\"og:site_name\" content=\"Caf\u00e9 &amp; restaurant Ore Ducasse au Ch\u00e2teau de Versailles\" \/>\n<meta property=\"article:modified_time\" content=\"2026-04-10T11:49:55+00:00\" \/>\n<meta name=\"twitter:card\" content=\"summary_large_image\" \/>\n<meta name=\"twitter:label1\" content=\"Est. reading time\" \/>\n\t<meta name=\"twitter:data1\" content=\"3 minutes\" \/>\n<script type=\"application\/ld+json\" class=\"yoast-schema-graph\">{\"@context\":\"https:\\\/\\\/schema.org\",\"@graph\":[{\"@type\":\"WebPage\",\"@id\":\"https:\\\/\\\/www.ducasse-chateauversailles.com\\\/en\\\/menu\\\/\",\"url\":\"https:\\\/\\\/www.ducasse-chateauversailles.com\\\/en\\\/menu\\\/\",\"name\":\"Menu | Caf\u00e9 ore - Ducasse au Ch\u00e2teau de Versailles\",\"isPartOf\":{\"@id\":\"https:\\\/\\\/www.ducasse-chateauversailles.com\\\/en\\\/#website\"},\"datePublished\":\"2022-05-23T13:54:30+00:00\",\"dateModified\":\"2026-04-10T11:49:55+00:00\",\"description\":\"Discover the menu and wine list of Caf\u00e9 ore, elegant and contemporary situated in the Ch\u00e2teau de Versailles\",\"inLanguage\":\"en-US\",\"potentialAction\":[{\"@type\":\"ReadAction\",\"target\":[\"https:\\\/\\\/www.ducasse-chateauversailles.com\\\/en\\\/menu\\\/\"]}]},{\"@type\":\"WebSite\",\"@id\":\"https:\\\/\\\/www.ducasse-chateauversailles.com\\\/en\\\/#website\",\"url\":\"https:\\\/\\\/www.ducasse-chateauversailles.com\\\/en\\\/\",\"name\":\"Caf\u00e9 &amp; restaurant Ore Ducasse au Ch\u00e2teau de Versailles\",\"description\":\"\",\"potentialAction\":[{\"@type\":\"SearchAction\",\"target\":{\"@type\":\"EntryPoint\",\"urlTemplate\":\"https:\\\/\\\/www.ducasse-chateauversailles.com\\\/en\\\/?s={search_term_string}\"},\"query-input\":{\"@type\":\"PropertyValueSpecification\",\"valueRequired\":true,\"valueName\":\"search_term_string\"}}],\"inLanguage\":\"en-US\"}]}<\/script>\n<!-- \/ Yoast SEO plugin. -->","yoast_head_json":{"title":"Menu | Caf\u00e9 ore - Ducasse au Ch\u00e2teau de Versailles","description":"Discover the menu and wine list of Caf\u00e9 ore, elegant and contemporary situated in the Ch\u00e2teau de Versailles","robots":{"index":"index","follow":"follow","max-snippet":"max-snippet:-1","max-image-preview":"max-image-preview:large","max-video-preview":"max-video-preview:-1"},"canonical":"https:\/\/www.ducasse-chateauversailles.com\/en\/menu\/","og_locale":"en_US","og_type":"article","og_title":"Menu | Caf\u00e9 ore - Ducasse au Ch\u00e2teau de Versailles","og_description":"Discover the menu and wine list of Caf\u00e9 ore, elegant and contemporary situated in the Ch\u00e2teau de Versailles","og_url":"https:\/\/www.ducasse-chateauversailles.com\/en\/menu\/","og_site_name":"Caf\u00e9 &amp; restaurant Ore Ducasse au Ch\u00e2teau de Versailles","article_modified_time":"2026-04-10T11:49:55+00:00","twitter_card":"summary_large_image","twitter_misc":{"Est. reading time":"3 minutes"},"schema":{"@context":"https:\/\/schema.org","@graph":[{"@type":"WebPage","@id":"https:\/\/www.ducasse-chateauversailles.com\/en\/menu\/","url":"https:\/\/www.ducasse-chateauversailles.com\/en\/menu\/","name":"Menu | Caf\u00e9 ore - Ducasse au Ch\u00e2teau de Versailles","isPartOf":{"@id":"https:\/\/www.ducasse-chateauversailles.com\/en\/#website"},"datePublished":"2022-05-23T13:54:30+00:00","dateModified":"2026-04-10T11:49:55+00:00","description":"Discover the menu and wine list of Caf\u00e9 ore, elegant and contemporary situated in the Ch\u00e2teau de Versailles","inLanguage":"en-US","potentialAction":[{"@type":"ReadAction","target":["https:\/\/www.ducasse-chateauversailles.com\/en\/menu\/"]}]},{"@type":"WebSite","@id":"https:\/\/www.ducasse-chateauversailles.com\/en\/#website","url":"https:\/\/www.ducasse-chateauversailles.com\/en\/","name":"Caf\u00e9 &amp; restaurant Ore Ducasse au Ch\u00e2teau de Versailles","description":"","potentialAction":[{"@type":"SearchAction","target":{"@type":"EntryPoint","urlTemplate":"https:\/\/www.ducasse-chateauversailles.com\/en\/?s={search_term_string}"},"query-input":{"@type":"PropertyValueSpecification","valueRequired":true,"valueName":"search_term_string"}}],"inLanguage":"en-US"}]}},"_links":{"self":[{"href":"https:\/\/www.ducasse-chateauversailles.com\/en\/wp-json\/wp\/v2\/pages\/370","targetHints":{"allow":["GET"]}}],"collection":[{"href":"https:\/\/www.ducasse-chateauversailles.com\/en\/wp-json\/wp\/v2\/pages"}],"about":[{"href":"https:\/\/www.ducasse-chateauversailles.com\/en\/wp-json\/wp\/v2\/types\/page"}],"author":[{"embeddable":true,"href":"https:\/\/www.ducasse-chateauversailles.com\/en\/wp-json\/wp\/v2\/users\/1"}],"replies":[{"embeddable":true,"href":"https:\/\/www.ducasse-chateauversailles.com\/en\/wp-json\/wp\/v2\/comments?post=370"}],"version-history":[{"count":113,"href":"https:\/\/www.ducasse-chateauversailles.com\/en\/wp-json\/wp\/v2\/pages\/370\/revisions"}],"predecessor-version":[{"id":4286,"href":"https:\/\/www.ducasse-chateauversailles.com\/en\/wp-json\/wp\/v2\/pages\/370\/revisions\/4286"}],"wp:attachment":[{"href":"https:\/\/www.ducasse-chateauversailles.com\/en\/wp-json\/wp\/v2\/media?parent=370"}],"curies":[{"name":"wp","href":"https:\/\/api.w.org\/{rel}","templated":true}]}}