{"id":484,"date":"2022-05-23T15:58:36","date_gmt":"2022-05-23T13:58:36","guid":{"rendered":"https:\/\/golive.ducasse-chateauversailles.com\/bon-cadeau\/"},"modified":"2026-02-18T09:49:39","modified_gmt":"2026-02-18T08:49:39","slug":"gift-vouchers","status":"publish","type":"page","link":"https:\/\/www.ducasse-chateauversailles.com\/en\/gift-vouchers\/","title":{"rendered":"Gift Vouchers"},"content":{"rendered":"","protected":false},"excerpt":{"rendered":"","protected":false},"author":1,"featured_media":0,"parent":0,"menu_order":0,"comment_status":"closed","ping_status":"closed","template":"page-templates\/bon-cadeau.php","meta":{"_acf_changed":false,"footnotes":""},"class_list":["post-484","page","type-page","status-publish","hentry"],"acf":[],"yoast_head":"<!-- This site is optimized with the Yoast SEO plugin v27.4 - https:\/\/yoast.com\/product\/yoast-seo-wordpress\/ -->\n<title>Restaurant gift cards &amp; vouchers | Ore - Ducasse au Ch\u00e2teau de Versailles<\/title>\n<meta name=\"description\" content=\"Discover all the gift cards and vouchers of Caf\u00e9 Ore and the restaurant Ducasse au Ch\u00e2teau de Versailles.\" \/>\n<meta name=\"robots\" content=\"index, follow, max-snippet:-1, max-image-preview:large, max-video-preview:-1\" \/>\n<link rel=\"canonical\" href=\"https:\/\/www.ducasse-chateauversailles.com\/en\/gift-vouchers\/\" \/>\n<meta property=\"og:locale\" content=\"en_US\" \/>\n<meta property=\"og:type\" content=\"article\" \/>\n<meta property=\"og:title\" content=\"Restaurant gift cards &amp; vouchers | Ore - Ducasse au Ch\u00e2teau de Versailles\" \/>\n<meta property=\"og:description\" content=\"Discover all the gift cards and vouchers of Caf\u00e9 Ore and the restaurant Ducasse au Ch\u00e2teau de Versailles.\" \/>\n<meta property=\"og:url\" content=\"https:\/\/www.ducasse-chateauversailles.com\/en\/gift-vouchers\/\" \/>\n<meta property=\"og:site_name\" content=\"Caf\u00e9 &amp; restaurant Ore Ducasse au Ch\u00e2teau de Versailles\" \/>\n<meta property=\"article:modified_time\" content=\"2026-02-18T08:49:39+00:00\" \/>\n<meta name=\"twitter:card\" content=\"summary_large_image\" \/>\n<meta name=\"twitter:label1\" content=\"Est. reading time\" \/>\n\t<meta name=\"twitter:data1\" content=\"3 minutes\" \/>\n<script type=\"application\/ld+json\" class=\"yoast-schema-graph\">{\"@context\":\"https:\\\/\\\/schema.org\",\"@graph\":[{\"@type\":\"WebPage\",\"@id\":\"https:\\\/\\\/www.ducasse-chateauversailles.com\\\/en\\\/gift-vouchers\\\/\",\"url\":\"https:\\\/\\\/www.ducasse-chateauversailles.com\\\/en\\\/gift-vouchers\\\/\",\"name\":\"Restaurant gift cards & vouchers | Ore - Ducasse au Ch\u00e2teau de Versailles\",\"isPartOf\":{\"@id\":\"https:\\\/\\\/www.ducasse-chateauversailles.com\\\/en\\\/#website\"},\"datePublished\":\"2022-05-23T13:58:36+00:00\",\"dateModified\":\"2026-02-18T08:49:39+00:00\",\"description\":\"Discover all the gift cards and vouchers of Caf\u00e9 Ore and the restaurant Ducasse au Ch\u00e2teau de Versailles.\",\"inLanguage\":\"en-US\",\"potentialAction\":[{\"@type\":\"ReadAction\",\"target\":[\"https:\\\/\\\/www.ducasse-chateauversailles.com\\\/en\\\/gift-vouchers\\\/\"]}]},{\"@type\":\"WebSite\",\"@id\":\"https:\\\/\\\/www.ducasse-chateauversailles.com\\\/en\\\/#website\",\"url\":\"https:\\\/\\\/www.ducasse-chateauversailles.com\\\/en\\\/\",\"name\":\"Caf\u00e9 &amp; restaurant Ore Ducasse au Ch\u00e2teau de Versailles\",\"description\":\"\",\"potentialAction\":[{\"@type\":\"SearchAction\",\"target\":{\"@type\":\"EntryPoint\",\"urlTemplate\":\"https:\\\/\\\/www.ducasse-chateauversailles.com\\\/en\\\/?s={search_term_string}\"},\"query-input\":{\"@type\":\"PropertyValueSpecification\",\"valueRequired\":true,\"valueName\":\"search_term_string\"}}],\"inLanguage\":\"en-US\"}]}<\/script>\n<!-- \/ Yoast SEO plugin. -->","yoast_head_json":{"title":"Restaurant gift cards & vouchers | Ore - Ducasse au Ch\u00e2teau de Versailles","description":"Discover all the gift cards and vouchers of Caf\u00e9 Ore and the restaurant Ducasse au Ch\u00e2teau de Versailles.","robots":{"index":"index","follow":"follow","max-snippet":"max-snippet:-1","max-image-preview":"max-image-preview:large","max-video-preview":"max-video-preview:-1"},"canonical":"https:\/\/www.ducasse-chateauversailles.com\/en\/gift-vouchers\/","og_locale":"en_US","og_type":"article","og_title":"Restaurant gift cards & vouchers | Ore - Ducasse au Ch\u00e2teau de Versailles","og_description":"Discover all the gift cards and vouchers of Caf\u00e9 Ore and the restaurant Ducasse au Ch\u00e2teau de Versailles.","og_url":"https:\/\/www.ducasse-chateauversailles.com\/en\/gift-vouchers\/","og_site_name":"Caf\u00e9 &amp; restaurant Ore Ducasse au Ch\u00e2teau de Versailles","article_modified_time":"2026-02-18T08:49:39+00:00","twitter_card":"summary_large_image","twitter_misc":{"Est. reading time":"3 minutes"},"schema":{"@context":"https:\/\/schema.org","@graph":[{"@type":"WebPage","@id":"https:\/\/www.ducasse-chateauversailles.com\/en\/gift-vouchers\/","url":"https:\/\/www.ducasse-chateauversailles.com\/en\/gift-vouchers\/","name":"Restaurant gift cards & vouchers | Ore - Ducasse au Ch\u00e2teau de Versailles","isPartOf":{"@id":"https:\/\/www.ducasse-chateauversailles.com\/en\/#website"},"datePublished":"2022-05-23T13:58:36+00:00","dateModified":"2026-02-18T08:49:39+00:00","description":"Discover all the gift cards and vouchers of Caf\u00e9 Ore and the restaurant Ducasse au Ch\u00e2teau de Versailles.","inLanguage":"en-US","potentialAction":[{"@type":"ReadAction","target":["https:\/\/www.ducasse-chateauversailles.com\/en\/gift-vouchers\/"]}]},{"@type":"WebSite","@id":"https:\/\/www.ducasse-chateauversailles.com\/en\/#website","url":"https:\/\/www.ducasse-chateauversailles.com\/en\/","name":"Caf\u00e9 &amp; restaurant Ore Ducasse au Ch\u00e2teau de Versailles","description":"","potentialAction":[{"@type":"SearchAction","target":{"@type":"EntryPoint","urlTemplate":"https:\/\/www.ducasse-chateauversailles.com\/en\/?s={search_term_string}"},"query-input":{"@type":"PropertyValueSpecification","valueRequired":true,"valueName":"search_term_string"}}],"inLanguage":"en-US"}]}},"_links":{"self":[{"href":"https:\/\/www.ducasse-chateauversailles.com\/en\/wp-json\/wp\/v2\/pages\/484","targetHints":{"allow":["GET"]}}],"collection":[{"href":"https:\/\/www.ducasse-chateauversailles.com\/en\/wp-json\/wp\/v2\/pages"}],"about":[{"href":"https:\/\/www.ducasse-chateauversailles.com\/en\/wp-json\/wp\/v2\/types\/page"}],"author":[{"embeddable":true,"href":"https:\/\/www.ducasse-chateauversailles.com\/en\/wp-json\/wp\/v2\/users\/1"}],"replies":[{"embeddable":true,"href":"https:\/\/www.ducasse-chateauversailles.com\/en\/wp-json\/wp\/v2\/comments?post=484"}],"version-history":[{"count":36,"href":"https:\/\/www.ducasse-chateauversailles.com\/en\/wp-json\/wp\/v2\/pages\/484\/revisions"}],"predecessor-version":[{"id":4157,"href":"https:\/\/www.ducasse-chateauversailles.com\/en\/wp-json\/wp\/v2\/pages\/484\/revisions\/4157"}],"wp:attachment":[{"href":"https:\/\/www.ducasse-chateauversailles.com\/en\/wp-json\/wp\/v2\/media?parent=484"}],"curies":[{"name":"wp","href":"https:\/\/api.w.org\/{rel}","templated":true}]}}